{"id":2,"date":"2025-01-15T02:45:29","date_gmt":"2025-01-15T02:45:29","guid":{"rendered":"https:\/\/clinicafisiohelse.com\/?page_id=2"},"modified":"2025-04-09T19:29:51","modified_gmt":"2025-04-10T01:29:51","slug":"encuentranos","status":"publish","type":"page","link":"https:\/\/clinicafisiohelse.com\/?page_id=2","title":{"rendered":"\u00bfD\u00f3nde Estamos?"},"content":{"rendered":"\n<p><em>Nuestra cl\u00ednica est\u00e1 convenientemente ubicada en la Avenida El Cenizal, justo cerca del Parque Bol\u00edvar, un \u00e1rea de f\u00e1cil acceso y bien conectada. Ya sea que vengas en transporte p\u00fablico o en coche, llegar\u00e1s sin dificultad. Si tienes alguna pregunta o necesitas indicaciones m\u00e1s detalladas, no dudes en contactarnos. \u00a1Te esperamos!<\/em><\/p>\n\n\n\n<!DOCTYPE html>\n<html lang=\"es\">\n<head>\n  <meta charset=\"UTF-8\">\n  <meta name=\"viewport\" content=\"width=device-width, initial-scale=1.0\">\n  <link href=\"https:\/\/fonts.googleapis.com\/css2?family=Poppins:wght@500&#038;display=swap\" rel=\"stylesheet\">\n  <link rel=\"stylesheet\" href=\"https:\/\/cdnjs.cloudflare.com\/ajax\/libs\/font-awesome\/5.15.4\/css\/all.min.css\">\n  <style>\n    \/* Estilos generales *\/\n    body {\n      font-family: 'Poppins', sans-serif; \/* Fuente moderna *\/\n    }\n\n    .btn-container {\n      display: flex;\n      justify-content: center; \/* Centra los botones *\/\n      gap: 15px; \/* Espacio entre los botones *\/\n      margin-top: 50px; \/* Espacio superior *\/\n    }\n\n    .btn {\n      display: inline-block;\n      padding: 10px 20px; \/* Botones m\u00e1s peque\u00f1os *\/\n      border-radius: 30px; \/* Bordes m\u00e1s redondeados *\/\n      color: white;\n      font-size: 16px; \/* Fuente m\u00e1s peque\u00f1a *\/\n      text-align: center;\n      text-decoration: none;\n      font-weight: bold;\n      transition: transform 0.3s ease, box-shadow 0.3s ease;\n      box-shadow: 0 8px 15px rgba(0, 0, 0, 0.1);\n      width: 200px; \/* Ancho fijo para los botones *\/\n      display: flex;\n      align-items: center;\n      justify-content: center;\n    }\n\n    .btn:hover {\n      transform: translateY(-5px);\n      box-shadow: 0 15px 30px rgba(0, 0, 0, 0.2);\n    }\n\n    .btn:active {\n      transform: translateY(2px);\n      box-shadow: 0 4px 8px rgba(0, 0, 0, 0.1);\n    }\n\n    \/* Estilo para Google Maps (rosado) *\/\n    .btn.google {\n      background: linear-gradient(135deg, #ff80ab, #ff4081); \/* Gradiente rosado *\/\n    }\n\n    \/* Estilo para Waze (rosado) *\/\n    .btn.waze {\n      background: linear-gradient(135deg, #ff4081, #ff80ab); \/* Gradiente rosado *\/\n    }\n\n    \/* Estilo para los iconos dentro de los botones *\/\n    .btn i {\n      margin-right: 12px; \/* Espacio entre el \u00edcono y el texto *\/\n      font-size: 24px; \/* Tama\u00f1o m\u00e1s grande para los \u00edconos *\/\n    }\n\n    \/* Efecto para hacer los \u00edconos m\u00e1s llamativos *\/\n    .btn i:hover {\n      transform: scale(1.3); \/* Agranda el \u00edcono al pasar el mouse *\/\n      transition: transform 0.2s ease;\n    }\n  <\/style>\n<\/head>\n<body>\n\n  <!-- Contenedor de botones -->\n  <div class=\"btn-container\">\n    <a href=\"https:\/\/www.google.com\/maps?q=14.832249002150434,-91.50917442929153\" target=\"_blank\" class=\"btn google\">\n      <i class=\"fab fa-google\"><\/i> Ver en Google Maps\n    <\/a>\n    \n    <a href=\"https:\/\/waze.com\/ul?q=14.832249002150434,-91.50917442929153\" target=\"_blank\" class=\"btn waze\">\n      <i class=\"fab fa-waze\"><\/i> Ver en Waze\n    <\/a>\n  <\/div>\n\n<\/body>\n<\/html>\n\n\n\n<div style=\"display: flex; justify-content: center;\">\n  <iframe src=\"https:\/\/www.google.com\/maps\/embed?pb=!1m17!1m11!1m3!1d227.04603133024645!2d-91.50935533940302!3d14.83229018017696!2m2!1f98.2327063988962!2f0!3m2!1i1024!2i768!4f35!3m3!1m2!1s0x858ebdb810a5d917%3A0x63e809ffd6c6d619!2sFISIOHELSE%20Centro%20de%20Fisioterapia%20y%20Rehabilitaci%C3%B3n!5e1!3m2!1ses-419!2sgt!4v1744248261013!5m2!1ses-419!2sgt\" width=\"850\" height=\"800\" style=\"border:0;\" allowfullscreen=\"\" loading=\"lazy\" referrerpolicy=\"no-referrer-when-downgrade\"><\/iframe>\n<\/div>\n\n\n\n\n<div class=\"wp-block-columns is-layout-flex wp-container-core-columns-is-layout-28f84493 wp-block-columns-is-layout-flex\">\n<div class=\"wp-block-column is-layout-flow wp-block-column-is-layout-flow\" style=\"flex-basis:100%\">\n<div class=\"wp-block-columns is-layout-flex wp-container-core-columns-is-layout-28f84493 wp-block-columns-is-layout-flex\">\n<div class=\"wp-block-column is-layout-flow wp-block-column-is-layout-flow\"><\/div>\n\n\n\n<div class=\"wp-block-column is-layout-flow wp-block-column-is-layout-flow\"><\/div>\n<\/div>\n<\/div>\n<\/div>\n\n\n\n<p><\/p>\n","protected":false},"excerpt":{"rendered":"<p>Nuestra cl\u00ednica est\u00e1 convenientemente ubicada en la Avenida El Cenizal, justo cerca del Parque Bol\u00edvar, un \u00e1rea de f\u00e1cil acceso y bien conectada. Ya sea que vengas en transporte p\u00fablico o en coche, llegar\u00e1s sin dificultad. Si tienes alguna pregunta o necesitas indicaciones m\u00e1s detalladas, no dudes en contactarnos. \u00a1Te [&hellip;]<\/p>\n","protected":false},"author":1,"featured_media":80,"parent":0,"menu_order":1,"comment_status":"closed","ping_status":"closed","template":"page-templates\/template-fullwidth.php","meta":{"_themeisle_gutenberg_block_has_review":false,"footnotes":""},"class_list":["post-2","page","type-page","status-publish","has-post-thumbnail","hentry"],"_links":{"self":[{"href":"https:\/\/clinicafisiohelse.com\/index.php?rest_route=\/wp\/v2\/pages\/2","targetHints":{"allow":["GET"]}}],"collection":[{"href":"https:\/\/clinicafisiohelse.com\/index.php?rest_route=\/wp\/v2\/pages"}],"about":[{"href":"https:\/\/clinicafisiohelse.com\/index.php?rest_route=\/wp\/v2\/types\/page"}],"author":[{"embeddable":true,"href":"https:\/\/clinicafisiohelse.com\/index.php?rest_route=\/wp\/v2\/users\/1"}],"replies":[{"embeddable":true,"href":"https:\/\/clinicafisiohelse.com\/index.php?rest_route=%2Fwp%2Fv2%2Fcomments&post=2"}],"version-history":[{"count":42,"href":"https:\/\/clinicafisiohelse.com\/index.php?rest_route=\/wp\/v2\/pages\/2\/revisions"}],"predecessor-version":[{"id":226,"href":"https:\/\/clinicafisiohelse.com\/index.php?rest_route=\/wp\/v2\/pages\/2\/revisions\/226"}],"wp:featuredmedia":[{"embeddable":true,"href":"https:\/\/clinicafisiohelse.com\/index.php?rest_route=\/wp\/v2\/media\/80"}],"wp:attachment":[{"href":"https:\/\/clinicafisiohelse.com\/index.php?rest_route=%2Fwp%2Fv2%2Fmedia&parent=2"}],"curies":[{"name":"wp","href":"https:\/\/api.w.org\/{rel}","templated":true}]}}